{"id":337,"date":"2022-07-13T12:24:07","date_gmt":"2022-07-13T12:24:07","guid":{"rendered":"https:\/\/masquehumana.xyz\/?page_id=337"},"modified":"2023-01-25T15:44:41","modified_gmt":"2023-01-25T15:44:41","slug":"masquehumana","status":"publish","type":"page","link":"https:\/\/masquehumana.xyz\/?page_id=337","title":{"rendered":"#m\u00e1squehumana"},"content":{"rendered":"<p>[et_pb_section fb_built=&#8221;1&#8243; admin_label=&#8221;Post Title Section&#8221; _builder_version=&#8221;4.17.4&#8243; _module_preset=&#8221;default&#8221; min_height=&#8221;141.7px&#8221; custom_margin=&#8221;||1px|||&#8221; custom_padding=&#8221;25px||25px||false|false&#8221; da_disable_devices=&#8221;off|off|off&#8221; global_colors_info=&#8221;{}&#8221; da_is_popup=&#8221;off&#8221; da_exit_intent=&#8221;off&#8221; da_has_close=&#8221;on&#8221; da_alt_close=&#8221;off&#8221; da_dark_close=&#8221;off&#8221; da_not_modal=&#8221;on&#8221; da_is_singular=&#8221;off&#8221; da_with_loader=&#8221;off&#8221; da_has_shadow=&#8221;on&#8221;][et_pb_row custom_padding_last_edited=&#8221;on|phone&#8221; _builder_version=&#8221;4.17.4&#8243; _module_preset=&#8221;default&#8221; width=&#8221;100%&#8221; min_height=&#8221;68.7px&#8221; custom_margin=&#8221;43px|auto||auto|false|false&#8221; custom_margin_tablet=&#8221;43px|auto||auto|false|false&#8221; custom_margin_phone=&#8221;43px|auto||auto|false|false&#8221; custom_margin_last_edited=&#8221;on|desktop&#8221; custom_padding=&#8221;23px||12px|0px|false|false&#8221; custom_padding_tablet=&#8221;|||30px|false|false&#8221; custom_padding_phone=&#8221;|||30px|false|false&#8221; locked=&#8221;off&#8221; global_colors_info=&#8221;{}&#8221;][et_pb_column type=&#8221;4_4&#8243; _builder_version=&#8221;4.16&#8243; _module_preset=&#8221;default&#8221; custom_padding=&#8221;|||&#8221; global_colors_info=&#8221;{}&#8221; custom_padding__hover=&#8221;|||&#8221;][et_pb_text admin_label=&#8221;Features Section Title&#8221; _builder_version=&#8221;4.17.4&#8243; _dynamic_attributes=&#8221;content&#8221; _module_preset=&#8221;default&#8221; text_font=&#8221;|700|||||||&#8221; text_text_color=&#8221;#000000&#8243; text_font_size=&#8221;40px&#8221; header_font=&#8221;|700||on|||||&#8221; header_text_align=&#8221;left&#8221; header_font_size=&#8221;52px&#8221; header_letter_spacing=&#8221;4px&#8221; header_line_height=&#8221;1.2em&#8221; header_2_font=&#8221;||||||||&#8221; module_alignment=&#8221;center&#8221; custom_margin=&#8221;|||&#8221; custom_padding=&#8221;|||&#8221; animation_style=&#8221;fade&#8221; header_font_size_tablet=&#8221;40px&#8221; header_font_size_phone=&#8221;17px&#8221; header_font_size_last_edited=&#8221;on|tablet&#8221; locked=&#8221;off&#8221; global_colors_info=&#8221;{}&#8221;]@ET-DC@eyJkeW5hbWljIjp0cnVlLCJjb250ZW50IjoicG9zdF90aXRsZSIsInNldHRpbmdzIjp7ImJlZm9yZSI6IiIsImFmdGVyIjoiIn19@[\/et_pb_text][\/et_pb_column][\/et_pb_row][\/et_pb_section][et_pb_section fb_built=&#8221;1&#8243; admin_label=&#8221;Post Description Section&#8221; _builder_version=&#8221;4.17.4&#8243; _module_preset=&#8221;default&#8221; custom_padding=&#8221;3px|0px|0px|0px|false|false&#8221; da_disable_devices=&#8221;off|off|off&#8221; collapsed=&#8221;off&#8221; global_colors_info=&#8221;{}&#8221; da_is_popup=&#8221;off&#8221; da_exit_intent=&#8221;off&#8221; da_has_close=&#8221;on&#8221; da_alt_close=&#8221;off&#8221; da_dark_close=&#8221;off&#8221; da_not_modal=&#8221;on&#8221; da_is_singular=&#8221;off&#8221; da_with_loader=&#8221;off&#8221; da_has_shadow=&#8221;on&#8221;][et_pb_row custom_padding_last_edited=&#8221;on|desktop&#8221; _builder_version=&#8221;4.17.4&#8243; _module_preset=&#8221;default&#8221; width=&#8221;99.8%&#8221; min_height=&#8221;100px&#8221; custom_margin=&#8221;0px|auto|50px|auto|false|false&#8221; custom_padding=&#8221;17px|0px|0px||false|false&#8221; custom_padding_tablet=&#8221;|30px|0px||false|false&#8221; custom_padding_phone=&#8221;|30px|0px||false|false&#8221; global_colors_info=&#8221;{}&#8221;][et_pb_column type=&#8221;4_4&#8243; _builder_version=&#8221;4.17.4&#8243; _module_preset=&#8221;default&#8221; global_colors_info=&#8221;{}&#8221;][et_pb_text _builder_version=&#8221;4.17.4&#8243; _module_preset=&#8221;default&#8221; text_font=&#8221;|600|||||||&#8221; text_text_color=&#8221;#000000&#8243; text_font_size=&#8221;20px&#8221; width=&#8221;100%&#8221; custom_margin=&#8221;15px||0px|||&#8221; custom_padding=&#8221;|||0px|false|false&#8221; custom_padding_tablet=&#8221;|||30px|false|false&#8221; custom_padding_phone=&#8221;|||30px|false|false&#8221; custom_padding_last_edited=&#8221;on|phone&#8221; hover_enabled=&#8221;0&#8243; global_colors_info=&#8221;{}&#8221; sticky_enabled=&#8221;0&#8243;]<\/p>\n<p><span style=\"font-weight: 400;\">qu\u00e9\/ <\/span><\/p>\n<p style=\"text-align: justify;\"><span style=\"font-weight: 400;\">\u201cHacia un Madrid ma\u0301s que humano: micro-arquitecturas para una convivencia entre especies\u201d es un proyecto de Aprendizaje y Servicio que surge con el objetivo de generar fricciones en los modos de percibir el entorno en que habitamos.<\/span><\/p>\n<p style=\"text-align: justify;\"><span style=\"font-weight: 400;\">El proyecto comienza llamando la atenci\u00f3n sobre la ausencia de polinizadores en Madrid y la creciente p\u00e9rdida de biodiversidad causada por la acci\u00f3n humana, las normativas vigentes y los modelos actuales de dise\u00f1o urbano. A trav\u00e9s de \u00e9l se plantea visibilizar esta situaci\u00f3n y producir acciones arquitect\u00f3nicas alternativas que ayuden a revertirla.<\/span><\/p>\n<p style=\"text-align: justify;\"><span style=\"font-weight: 400;\">La estrategia parte de poner el foco en unas determinadas especies polinizadoras fundamentales para la vida en el planeta tal y como lo conocemos. Asi\u0301, para favorecer su presencia a trave\u0301s de acciones cotidianas y dispositivos arquitecto\u0301nicos de convivencia, se plantea una relectura de la ciudad atenta a otros modos de relacio\u0301n y ayuda mutua, donde las muchas y diversas especies de abejas son un ejemplo paradigma\u0301tico del que poder aprender.<\/span><\/p>\n<p style=\"text-align: justify;\"><span style=\"font-weight: 400;\">El Aprendizaje-Servicio es una propuesta educativa de car\u00e1cter experiencial que combina el servicio a la comunidad con el aprendizaje de conocimientos y habilidades. Su peculiaridad reside en la integraci\u00f3n de los dos elementos \u2014servicio a la comunidad y aprendizaje significativo\u2014 en un solo proyecto, que potencia la capacidad formativa de ambos. En nuestra propuesta, este \u201caprendizaje-servicio a la comunidad\u201d se propone para un servicio a una comunidad m\u00e1s-que-humana.<\/span><span style=\"font-weight: 400;\"><\/span><\/p>\n<p style=\"text-align: justify;\"><span style=\"font-weight: 400;\">El proyecto explora la posibilidad de abordar emergencias dentro del \u00e1mbito acad\u00e9mico, fortalecer la colaboraci\u00f3n entre la academia y la sociedad e incentivar la formaci\u00f3n transdisciplinar del profesorado mediante la colaboraci\u00f3n horizontal.\u00a0<\/span><span style=\"font-weight: 400;\"><\/span><\/p>\n<p style=\"text-align: justify;\"><span style=\"font-weight: 400;\">por qu\u00e9\/ <\/span><\/p>\n<p style=\"text-align: justify;\"><span style=\"font-weight: 400;\">Los ODS \u2014 entre ellos: <\/span><i><span style=\"font-weight: 400;\">lograr que las ciudades y los asentamientos humanos sean inclusivos, seguros, resilientes y sostenibles; adoptar medidas urgentes para combatir el cambio clim\u00e1tico y sus efectos; gestionar sosteniblemente los bosques, luchar contra la desertificaci\u00f3n, detener e invertir la degradaci\u00f3n de las tierras y detener la p\u00e9rdida de la biodiversidad <\/span><\/i><span style=\"font-weight: 400;\">\u2014 se suman a las numerosas llamadas de atenci\u00f3n sobre la necesidad de cambiar la relaci\u00f3n de sometimiento por parte del ser humano con el entorno no-humano y generar imaginarios alternativos fuera del binomio Naturaleza-Sociedad. En la contemporaneidad, desde diferentes disciplinas, est\u00e1n siendo reclamadas nuevas narrativas no antropoc\u00e9ntricas, hacia otras configuraciones h\u00edbridas m\u00e1s inclusivas.\u00a0<\/span><\/p>\n<p style=\"text-align: justify;\"><span style=\"font-weight: 400;\">En particular en el \u00e1mbito de la disciplina arquitect\u00f3nica, tambi\u00e9n est\u00e1n siendo criticados los efectos de perpetuar un enfoque antropoc\u00e9ntrico y jer\u00e1rquico dentro de la profesi\u00f3n y la educaci\u00f3n. As\u00ed, en los \u00faltimos a\u00f1os est\u00e1n siendo reivindicadas otras aproximaciones capaces de desplazar al ser humano del centro, e integrar una trama cuidadora y ecosist\u00e9mica.<\/span><\/p>\n<p style=\"text-align: justify;\"><span style=\"font-weight: 400;\">En este contexto, se habla de mundos <\/span><i><span style=\"font-weight: 400;\">m\u00e1s-que-humanos (more-than-human) <\/span><\/i><span style=\"font-weight: 400;\">para subrayar una posici\u00f3n atenta a la cohabitaci\u00f3n e interdependencia de los seres humanos con otras entidades y organismos del planeta. Tambi\u00e9n como modo de cr\u00edtica expl\u00edcita al pensamiento dualista occidental y al discurso que reduce a \u201cla humanidad\u201d a un agente \u00fanico.\u00a0<\/span><span style=\"font-weight: 400;\">\u00a0<\/span><\/p>\n<p style=\"text-align: justify;\"><span style=\"font-weight: 400;\">qui\u00e9nes\/ <\/span><\/p>\n<p style=\"text-align: justify;\"><span style=\"font-weight: 400;\">Se trata de una propuesta donde colaboran investigadorxs, alumnxs, profesorxs y profesionales de diferentes disciplinas, que nace dentro del marco acad\u00e9mico de la E.T.S. de Arquitectura de Madrid, vincul\u00e1ndose con la asignatura taller experimental \u201cespacios p\u00fablicos informales\u201d desde una aproximaci\u00f3n interdepartamental.\u00a0\u00a0<\/span><\/p>\n<p style=\"text-align: justify;\"><span style=\"font-weight: 400;\">Se inscribe dentro del programa de Aprendizaje-Servicio de la Universidad Polit\u00e9cnica de Madrid, y se realiza en colaboraci\u00f3n con el a\u0301rea de Educacio\u0301n ambiental (DG de Sostenibilidad y control ambiental del A\u0301rea de Medioambiente y Movilidad) del Ayuntamiento de Madrid.\u00a0<\/span><\/p>\n<p style=\"text-align: justify;\"><span style=\"font-weight: 400;\">Asimismo, se ha contado con la colaboraci\u00f3n del colectivo <\/span><a href=\"https:\/\/www.etsiaab.upm.es\/Estudiantes\/Asociacion%20ETSIAAB?id=e5e6a18f18f7e510VgnVCM10000009c7648a____&amp;fmt=detail&amp;prefmt=articulo\"><span style=\"font-weight: 400;\">Kyebele<\/span><\/a><span style=\"font-weight: 400;\">, <\/span><a href=\"https:\/\/brinzal.org\/\"><span style=\"font-weight: 400;\">Brinzal<\/span><\/a><span style=\"font-weight: 400;\">, y el <\/span><a href=\"https:\/\/maca.aq.upm.es\/\"><span style=\"font-weight: 400;\">MAca: M\u00e1ster Universitario en Comunicaci\u00f3n Arquitect\u00f3nica <\/span><span style=\"font-weight: 400;\"><br \/><\/span><\/a><span style=\"font-weight: 400;\">_<\/span><\/p>\n<p style=\"text-align: justify;\"><span style=\"font-weight: 400;\">Una vez finalizado el taller experimental, parte de las alumnas que participaron han decidido continuar con la propuesta. A d\u00eda de hoy la experimentaci\u00f3n sigue viva con nuevas perspectivas e integrando a m\u00e1s participantes de la comunidad universitaria.\u00a0<\/span><\/p>\n<p style=\"text-align: justify;\"><span style=\"font-weight: 400;\">cu\u00e1ndo\/ <\/span><\/p>\n<p style=\"text-align: justify;\"><span style=\"font-weight: 400;\">El proyecto comenz\u00f3 en el curso 2021-2022.<\/span><\/p>\n<p style=\"text-align: justify;\"><span style=\"font-weight: 400;\">d\u00f3nde\/ <\/span><\/p>\n<p style=\"text-align: justify;\"><span style=\"font-weight: 400;\">Se ha comenzado a desarrollar en Madrid: desde la E.T.S. de Arquitectura de Madrid, conect\u00e1ndose con otros puntos del espacio p\u00fablico de la ciudad.\u00a0<\/span><\/p>\n<p>[\/et_pb_text][\/et_pb_column][\/et_pb_row][et_pb_row custom_padding_last_edited=&#8221;on|desktop&#8221; _builder_version=&#8221;4.17.4&#8243; _module_preset=&#8221;default&#8221; width=&#8221;99.8%&#8221; min_height=&#8221;100px&#8221; custom_margin=&#8221;0px|auto|50px|auto|false|false&#8221; custom_padding=&#8221;17px|0px|0px||false|false&#8221; custom_padding_tablet=&#8221;|30px|0px||false|false&#8221; custom_padding_phone=&#8221;|30px|0px||false|false&#8221; global_colors_info=&#8221;{}&#8221;][et_pb_column type=&#8221;4_4&#8243; _builder_version=&#8221;4.17.4&#8243; _module_preset=&#8221;default&#8221; global_colors_info=&#8221;{}&#8221;][et_pb_video src=&#8221;http:\/\/masquehumana.xyz\/wp-content\/uploads\/2022\/10\/Untitled-1.mp4&#8243; _builder_version=&#8221;4.17.4&#8243; _module_preset=&#8221;default&#8221; global_colors_info=&#8221;{}&#8221;][\/et_pb_video][\/et_pb_column][\/et_pb_row][\/et_pb_section]<\/p>\n","protected":false},"excerpt":{"rendered":"<p>qu\u00e9\/ \u201cHacia un Madrid ma\u0301s que humano: micro-arquitecturas para una convivencia entre especies\u201d es un proyecto de Aprendizaje y Servicio que surge con el objetivo de generar fricciones en los modos de percibir el entorno en que habitamos. El proyecto comienza llamando la atenci\u00f3n sobre la ausencia de polinizadores en Madrid y la creciente p\u00e9rdida [&hellip;]<\/p>\n","protected":false},"author":1,"featured_media":0,"parent":7,"menu_order":0,"comment_status":"closed","ping_status":"closed","template":"","meta":{"_et_pb_use_builder":"on","_et_pb_old_content":"","_et_gb_content_width":"","om_disable_all_campaigns":false,"_monsterinsights_skip_tracking":false,"_monsterinsights_sitenote_active":false,"_monsterinsights_sitenote_note":"","_monsterinsights_sitenote_category":0},"_links":{"self":[{"href":"https:\/\/masquehumana.xyz\/index.php?rest_route=\/wp\/v2\/pages\/337"}],"collection":[{"href":"https:\/\/masquehumana.xyz\/index.php?rest_route=\/wp\/v2\/pages"}],"about":[{"href":"https:\/\/masquehumana.xyz\/index.php?rest_route=\/wp\/v2\/types\/page"}],"author":[{"embeddable":true,"href":"https:\/\/masquehumana.xyz\/index.php?rest_route=\/wp\/v2\/users\/1"}],"replies":[{"embeddable":true,"href":"https:\/\/masquehumana.xyz\/index.php?rest_route=%2Fwp%2Fv2%2Fcomments&post=337"}],"version-history":[{"count":9,"href":"https:\/\/masquehumana.xyz\/index.php?rest_route=\/wp\/v2\/pages\/337\/revisions"}],"predecessor-version":[{"id":247691,"href":"https:\/\/masquehumana.xyz\/index.php?rest_route=\/wp\/v2\/pages\/337\/revisions\/247691"}],"up":[{"embeddable":true,"href":"https:\/\/masquehumana.xyz\/index.php?rest_route=\/wp\/v2\/pages\/7"}],"wp:attachment":[{"href":"https:\/\/masquehumana.xyz\/index.php?rest_route=%2Fwp%2Fv2%2Fmedia&parent=337"}],"curies":[{"name":"wp","href":"https:\/\/api.w.org\/{rel}","templated":true}]}}