{"id":247664,"date":"2023-01-02T13:19:33","date_gmt":"2023-01-02T13:19:33","guid":{"rendered":"https:\/\/masquehumana.xyz\/?page_id=247664"},"modified":"2023-01-02T13:54:43","modified_gmt":"2023-01-02T13:54:43","slug":"agentes","status":"publish","type":"page","link":"https:\/\/masquehumana.xyz\/?page_id=247664","title":{"rendered":"agentes"},"content":{"rendered":"<p>[et_pb_section fb_built=&#8221;1&#8243; admin_label=&#8221;Header&#8221; _builder_version=&#8221;4.17.4&#8243; _module_preset=&#8221;default&#8221; background_color=&#8221;RGBA(255,255,255,0)&#8221; use_background_color_gradient=&#8221;on&#8221; background_color_gradient_direction=&#8221;2deg&#8221; background_color_gradient_stops=&#8221;#b7abe8 0vh|#c1e2b1 47vh|#ffffff 100vh&#8221; background_color_gradient_unit=&#8221;vh&#8221; background_color_gradient_overlays_image=&#8221;on&#8221; background_image=&#8221;http:\/\/masquehumana.xyz\/wp-content\/uploads\/2022\/06\/event-space-46.jpg&#8221; parallax=&#8221;on&#8221; background_video_mp4=&#8221;http:\/\/masquehumana.xyz\/wp-content\/uploads\/2022\/10\/Untitled-1.mp4&#8243; custom_padding=&#8221;0px|||||&#8221; da_disable_devices=&#8221;off|off|off&#8221; locked=&#8221;off&#8221; global_colors_info=&#8221;{}&#8221; da_is_popup=&#8221;off&#8221; da_exit_intent=&#8221;off&#8221; da_has_close=&#8221;on&#8221; da_alt_close=&#8221;off&#8221; da_dark_close=&#8221;off&#8221; da_not_modal=&#8221;on&#8221; da_is_singular=&#8221;off&#8221; da_with_loader=&#8221;off&#8221; da_has_shadow=&#8221;on&#8221;][et_pb_row _builder_version=&#8221;4.17.4&#8243; _module_preset=&#8221;default&#8221; global_colors_info=&#8221;{}&#8221;][et_pb_column type=&#8221;4_4&#8243; _builder_version=&#8221;4.17.4&#8243; _module_preset=&#8221;default&#8221; global_colors_info=&#8221;{}&#8221;][et_pb_post_title meta=&#8221;off&#8221; featured_image=&#8221;off&#8221; _builder_version=&#8221;4.17.4&#8243; _module_preset=&#8221;default&#8221; title_text_color=&#8221;#0a0000&#8243; custom_margin=&#8221;|-367px||||&#8221; global_colors_info=&#8221;{}&#8221;][\/et_pb_post_title][\/et_pb_column][\/et_pb_row][et_pb_row column_structure=&#8221;1_2,1_2&#8243; module_class=&#8221;hero-img&#8221; _builder_version=&#8221;4.17.4&#8243; _module_preset=&#8221;default&#8221; width=&#8221;100%&#8221; max_width=&#8221;1300px&#8221; custom_css_main_element=&#8221;.hero-img {||  min-height: 150px;||}&#8221; global_colors_info=&#8221;{}&#8221;][et_pb_column type=&#8221;1_2&#8243; _builder_version=&#8221;4.17.4&#8243; _module_preset=&#8221;default&#8221; global_colors_info=&#8221;{}&#8221;][et_pb_text _builder_version=&#8221;4.17.4&#8243; _module_preset=&#8221;default&#8221; global_colors_info=&#8221;{}&#8221;]<\/p>\n<p style=\"text-align: justify;\"><span style=\"font-weight: 400; color: #000000;\">El proyecto ha sido el canal de un proceso colectivo a trav\u00e9s del cual se ha podido tramar una comunidad de cuidados m\u00e1s-que-humana, que tiene continuidad a d\u00eda de hoy.\u00a0<\/span><\/p>\n<p style=\"text-align: justify;\"><span style=\"font-weight: 400; color: #000000;\">En el proceso, hemos contado con otros colectivos de Madrid que, igual que nosotrxs, buscaban tomar conciencia de la interdependencia entre todas las especies que convivimos en un mismo ecosistema.\u00a0<\/span><\/p>\n<p style=\"text-align: justify;\"><span style=\"color: #000000;\"><span style=\"font-weight: 400;\">Las personas del <\/span><a href=\"https:\/\/www.instagram.com\/colectivokybele\/?hl=es\" style=\"color: #000000;\"><span style=\"font-weight: 400;\">colectivo agroecol\u00f3gico Kybele<\/span><\/a> <span style=\"font-weight: 400;\">nos ense\u00f1aron el huerto permacultural donde llevan a cabo su trabajo y nos hablaron sobre la asociaci\u00f3n de especies y los ecosistemas productivos del huerto. Nos introdujeron el concepto de <\/span><i><span style=\"font-weight: 400;\">islas de biodiversidad<\/span><\/i><span style=\"font-weight: 400;\">, que ha sido clave para el desarrollo de nuestro proyecto.\u00a0<\/span><\/span><\/p>\n<p>[\/et_pb_text][\/et_pb_column][et_pb_column type=&#8221;1_2&#8243; _builder_version=&#8221;4.17.4&#8243; _module_preset=&#8221;default&#8221; global_colors_info=&#8221;{}&#8221;][et_pb_text _builder_version=&#8221;4.17.4&#8243; _module_preset=&#8221;default&#8221; global_colors_info=&#8221;{}&#8221;]<\/p>\n<p style=\"text-align: justify;\"><span style=\"color: #000000;\"><span style=\"font-weight: 400;\">Tambi\u00e9n contamos con el <\/span><a href=\"https:\/\/brinzal.org\/tienda\/proyectos\/mision-polinizadores\/#:~:text=El%20proyecto%20Restauraci%C3%B3n%20de%20h%C3%A1bitat,trav%C3%A9s%20de%20la%20Fundaci%C3%B3n%20Biodiversidad.\" style=\"color: #000000;\"><span style=\"font-weight: 400;\">colectivo Brinzal<\/span><\/a><span style=\"font-weight: 400;\">, que nos ayud\u00f3 a entender la importancia de la presencia de polinizadores en el medio urbano como parte de una red ecosist\u00e9mica.<\/span><\/span><\/p>\n<p style=\"text-align: justify;\"><span style=\"font-weight: 400; color: #000000;\">Adem\u00e1s el proyecto se ha vinculado con una serie de investigaciones en curso que comparten esta aproximaci\u00f3n m\u00e1s-que-humana (Trabajo Fin de M\u00e1ster, y tesis doctoral) que se desarrollan de manera simult\u00e1nea. De esta forma, se ha podido fusionar investigaci\u00f3n y docencia, teor\u00eda y pr\u00e1ctica, aprendizaje y servicio. Asimismo, se ha tenido la oportunidad de extender el proyecto m\u00e1s all\u00e1 del \u00e1mbito universitario, mediante la colaboraci\u00f3n con el \u00e1rea de educaci\u00f3n ambiental del Ayuntamiento de Madrid, y a trav\u00e9s de la realizaci\u00f3n de actividades y eventos en espacios p\u00fablicos de la ciudad. <\/span><\/p>\n<p>[\/et_pb_text][\/et_pb_column][\/et_pb_row][et_pb_row column_structure=&#8221;1_6,1_6,1_6,1_6,1_6,1_6&#8243; module_class=&#8221;hero-img&#8221; _builder_version=&#8221;4.17.4&#8243; _module_preset=&#8221;default&#8221; width=&#8221;100%&#8221; max_width=&#8221;1300px&#8221; custom_css_main_element=&#8221;.hero-img {||  min-height: 150px;||}&#8221; global_colors_info=&#8221;{}&#8221;][et_pb_column type=&#8221;1_6&#8243; _builder_version=&#8221;4.17.4&#8243; _module_preset=&#8221;default&#8221; global_colors_info=&#8221;{}&#8221;][et_pb_blurb title=&#8221;agentes&#8221; image=&#8221;http:\/\/masquehumana.xyz\/wp-content\/uploads\/2022\/10\/agentes_escarabajo_small-1.png&#8221; image_icon_width=&#8221;100%&#8221; module_class=&#8221;.dl-floating1&#8243; _builder_version=&#8221;4.17.4&#8243; _module_preset=&#8221;default&#8221; header_font=&#8221;|700|||||||&#8221; header_text_align=&#8221;center&#8221; header_text_color=&#8221;#000000&#8243; background_enable_image=&#8221;off&#8221; width=&#8221;200px&#8221; min_height=&#8221;100px&#8221; hover_enabled=&#8221;0&#8243; global_colors_info=&#8221;{}&#8221; border_color_all_image__hover_enabled=&#8221;on|desktop&#8221; body_text_color__hover_enabled=&#8221;on|hover&#8221; sticky_enabled=&#8221;0&#8243;][\/et_pb_blurb][et_pb_blurb title=&#8221;agentes&#8221; image=&#8221;http:\/\/masquehumana.xyz\/wp-content\/uploads\/2022\/10\/agente_marina_small.png&#8221; image_icon_width=&#8221;100%&#8221; module_class=&#8221;.dl-floating2&#8243; _builder_version=&#8221;4.17.4&#8243; _module_preset=&#8221;default&#8221; header_font=&#8221;|700|||||||&#8221; header_text_align=&#8221;center&#8221; header_text_color=&#8221;#000000&#8243; background_enable_image=&#8221;off&#8221; width=&#8221;200px&#8221; min_height=&#8221;100px&#8221; hover_enabled=&#8221;0&#8243; global_colors_info=&#8221;{}&#8221; border_color_all_image__hover_enabled=&#8221;on|desktop&#8221; body_text_color__hover_enabled=&#8221;on|hover&#8221; sticky_enabled=&#8221;0&#8243;][\/et_pb_blurb][\/et_pb_column][et_pb_column type=&#8221;1_6&#8243; _builder_version=&#8221;4.17.4&#8243; _module_preset=&#8221;default&#8221; global_colors_info=&#8221;{}&#8221;][\/et_pb_column][et_pb_column type=&#8221;1_6&#8243; _builder_version=&#8221;4.17.4&#8243; _module_preset=&#8221;default&#8221; global_colors_info=&#8221;{}&#8221;][et_pb_blurb title=&#8221;agentes&#8221; image=&#8221;http:\/\/masquehumana.xyz\/wp-content\/uploads\/2022\/10\/agente_luciajardin_small.png&#8221; image_icon_width=&#8221;100%&#8221; module_class=&#8221;dl-floating&#8221; _builder_version=&#8221;4.17.4&#8243; _module_preset=&#8221;default&#8221; header_font=&#8221;|700|||||||&#8221; header_text_align=&#8221;center&#8221; header_text_color=&#8221;#000000&#8243; background_enable_image=&#8221;off&#8221; width=&#8221;200px&#8221; min_height=&#8221;100px&#8221; hover_enabled=&#8221;0&#8243; global_colors_info=&#8221;{}&#8221; border_color_all_image__hover_enabled=&#8221;on|desktop&#8221; body_text_color__hover_enabled=&#8221;on|hover&#8221; sticky_enabled=&#8221;0&#8243;][\/et_pb_blurb][et_pb_blurb title=&#8221;agentes&#8221; image=&#8221;http:\/\/masquehumana.xyz\/wp-content\/uploads\/2022\/10\/agente_murci_small.png&#8221; image_icon_width=&#8221;100%&#8221; module_class=&#8221;.dl-floating3&#8243; _builder_version=&#8221;4.17.4&#8243; _module_preset=&#8221;default&#8221; header_font=&#8221;|700|||||||&#8221; header_text_align=&#8221;center&#8221; header_text_color=&#8221;#000000&#8243; background_enable_image=&#8221;off&#8221; width=&#8221;200px&#8221; min_height=&#8221;100px&#8221; hover_enabled=&#8221;0&#8243; global_colors_info=&#8221;{}&#8221; border_color_all_image__hover_enabled=&#8221;on|desktop&#8221; body_text_color__hover_enabled=&#8221;on|hover&#8221; sticky_enabled=&#8221;0&#8243;][\/et_pb_blurb][\/et_pb_column][et_pb_column type=&#8221;1_6&#8243; _builder_version=&#8221;4.17.4&#8243; _module_preset=&#8221;default&#8221; global_colors_info=&#8221;{}&#8221;][et_pb_blurb title=&#8221;agentes&#8221; image=&#8221;http:\/\/masquehumana.xyz\/wp-content\/uploads\/2022\/10\/agente_sirfido_small.png&#8221; image_icon_width=&#8221;100%&#8221; module_class=&#8221;.dl-floating3&#8243; _builder_version=&#8221;4.17.4&#8243; _module_preset=&#8221;default&#8221; header_font=&#8221;|700|||||||&#8221; header_text_align=&#8221;center&#8221; header_text_color=&#8221;#000000&#8243; background_enable_image=&#8221;off&#8221; width=&#8221;200px&#8221; min_height=&#8221;100px&#8221; hover_enabled=&#8221;0&#8243; global_colors_info=&#8221;{}&#8221; border_color_all_image__hover_enabled=&#8221;on|desktop&#8221; body_text_color__hover_enabled=&#8221;on|hover&#8221; sticky_enabled=&#8221;0&#8243;][\/et_pb_blurb][\/et_pb_column][et_pb_column type=&#8221;1_6&#8243; _builder_version=&#8221;4.17.4&#8243; _module_preset=&#8221;default&#8221; global_colors_info=&#8221;{}&#8221;][et_pb_blurb title=&#8221;agentes&#8221; image=&#8221;http:\/\/masquehumana.xyz\/wp-content\/uploads\/2022\/10\/agente_autillo_small.png&#8221; image_icon_width=&#8221;100%&#8221; module_class=&#8221;dl-floating&#8221; _builder_version=&#8221;4.17.4&#8243; _module_preset=&#8221;default&#8221; header_font=&#8221;|700|||||||&#8221; header_text_align=&#8221;center&#8221; header_text_color=&#8221;#000000&#8243; background_enable_image=&#8221;off&#8221; width=&#8221;200px&#8221; min_height=&#8221;100px&#8221; hover_enabled=&#8221;0&#8243; global_colors_info=&#8221;{}&#8221; border_color_all_image__hover_enabled=&#8221;on|desktop&#8221; body_text_color__hover_enabled=&#8221;on|hover&#8221; sticky_enabled=&#8221;0&#8243;][\/et_pb_blurb][et_pb_blurb title=&#8221;agentes&#8221; image=&#8221;http:\/\/masquehumana.xyz\/wp-content\/uploads\/2022\/10\/agente_mariposa_small.png&#8221; image_icon_width=&#8221;100%&#8221; module_class=&#8221;dl-floating&#8221; _builder_version=&#8221;4.17.4&#8243; _module_preset=&#8221;default&#8221; header_font=&#8221;|700|||||||&#8221; header_text_align=&#8221;center&#8221; header_text_color=&#8221;#000000&#8243; background_enable_image=&#8221;off&#8221; width=&#8221;200px&#8221; min_height=&#8221;100px&#8221; hover_enabled=&#8221;0&#8243; global_colors_info=&#8221;{}&#8221; border_color_all_image__hover_enabled=&#8221;on|desktop&#8221; body_text_color__hover_enabled=&#8221;on|hover&#8221; sticky_enabled=&#8221;0&#8243;][\/et_pb_blurb][\/et_pb_column][et_pb_column type=&#8221;1_6&#8243; _builder_version=&#8221;4.17.4&#8243; _module_preset=&#8221;default&#8221; global_colors_info=&#8221;{}&#8221;][\/et_pb_column][\/et_pb_row][\/et_pb_section]<\/p>\n","protected":false},"excerpt":{"rendered":"<p>El proyecto ha sido el canal de un proceso colectivo a trav\u00e9s del cual se ha podido tramar una comunidad de cuidados m\u00e1s-que-humana, que tiene continuidad a d\u00eda de hoy.\u00a0 En el proceso, hemos contado con otros colectivos de Madrid que, igual que nosotrxs, buscaban tomar conciencia de la interdependencia entre todas las especies que [&hellip;]<\/p>\n","protected":false},"author":1,"featured_media":0,"parent":7,"menu_order":0,"comment_status":"closed","ping_status":"closed","template":"","meta":{"_et_pb_use_builder":"on","_et_pb_old_content":"","_et_gb_content_width":"","om_disable_all_campaigns":false,"_monsterinsights_skip_tracking":false,"_monsterinsights_sitenote_active":false,"_monsterinsights_sitenote_note":"","_monsterinsights_sitenote_category":0},"_links":{"self":[{"href":"https:\/\/masquehumana.xyz\/index.php?rest_route=\/wp\/v2\/pages\/247664"}],"collection":[{"href":"https:\/\/masquehumana.xyz\/index.php?rest_route=\/wp\/v2\/pages"}],"about":[{"href":"https:\/\/masquehumana.xyz\/index.php?rest_route=\/wp\/v2\/types\/page"}],"author":[{"embeddable":true,"href":"https:\/\/masquehumana.xyz\/index.php?rest_route=\/wp\/v2\/users\/1"}],"replies":[{"embeddable":true,"href":"https:\/\/masquehumana.xyz\/index.php?rest_route=%2Fwp%2Fv2%2Fcomments&post=247664"}],"version-history":[{"count":9,"href":"https:\/\/masquehumana.xyz\/index.php?rest_route=\/wp\/v2\/pages\/247664\/revisions"}],"predecessor-version":[{"id":247680,"href":"https:\/\/masquehumana.xyz\/index.php?rest_route=\/wp\/v2\/pages\/247664\/revisions\/247680"}],"up":[{"embeddable":true,"href":"https:\/\/masquehumana.xyz\/index.php?rest_route=\/wp\/v2\/pages\/7"}],"wp:attachment":[{"href":"https:\/\/masquehumana.xyz\/index.php?rest_route=%2Fwp%2Fv2%2Fmedia&parent=247664"}],"curies":[{"name":"wp","href":"https:\/\/api.w.org\/{rel}","templated":true}]}}