{"id":247115,"date":"2022-07-15T11:32:53","date_gmt":"2022-07-15T11:32:53","guid":{"rendered":"https:\/\/masquehumana.xyz\/?page_id=247115"},"modified":"2023-01-25T15:58:19","modified_gmt":"2023-01-25T15:58:19","slug":"comunicar","status":"publish","type":"page","link":"https:\/\/masquehumana.xyz\/?page_id=247115","title":{"rendered":"comunicar"},"content":{"rendered":"<p>[et_pb_section fb_built=&#8221;1&#8243; admin_label=&#8221;Post Description Section&#8221; _builder_version=&#8221;4.17.4&#8243; _module_preset=&#8221;default&#8221; background_color=&#8221;#FFFFFF&#8221; use_background_color_gradient=&#8221;on&#8221; background_color_gradient_stops=&#8221;rgba(216,216,216,0) 0%|rgba(45,183,45,0.41) 36%|rgba(79,11,65,0) 82%&#8221; custom_margin=&#8221;||45px|||&#8221; custom_padding=&#8221;3px|0px|48px|0px|false|false&#8221; da_disable_devices=&#8221;off|off|off&#8221; collapsed=&#8221;off&#8221; global_colors_info=&#8221;{}&#8221; da_is_popup=&#8221;off&#8221; da_exit_intent=&#8221;off&#8221; da_has_close=&#8221;on&#8221; da_alt_close=&#8221;off&#8221; da_dark_close=&#8221;off&#8221; da_not_modal=&#8221;on&#8221; da_is_singular=&#8221;off&#8221; da_with_loader=&#8221;off&#8221; da_has_shadow=&#8221;on&#8221;][et_pb_row custom_padding_last_edited=&#8221;on|phone&#8221; module_class=&#8221;dl-floating dl-floating1&#8243; _builder_version=&#8221;4.17.4&#8243; _module_preset=&#8221;default&#8221; width=&#8221;100%&#8221; min_height=&#8221;68.7px&#8221; custom_margin=&#8221;5px|auto||auto|false|false&#8221; custom_margin_tablet=&#8221;43px|auto||auto|false|false&#8221; custom_margin_phone=&#8221;43px|auto||auto|false|false&#8221; custom_margin_last_edited=&#8221;on|desktop&#8221; custom_padding=&#8221;23px||12px|0px|false|false&#8221; custom_padding_tablet=&#8221;|||30px|false|false&#8221; custom_padding_phone=&#8221;|||30px|false|false&#8221; locked=&#8221;off&#8221; global_colors_info=&#8221;{}&#8221;][et_pb_column type=&#8221;4_4&#8243; _builder_version=&#8221;4.16&#8243; _module_preset=&#8221;default&#8221; custom_padding=&#8221;|||&#8221; global_colors_info=&#8221;{}&#8221; custom_padding__hover=&#8221;|||&#8221;][et_pb_text admin_label=&#8221;Features Section Title&#8221; _builder_version=&#8221;4.17.4&#8243; _dynamic_attributes=&#8221;content&#8221; _module_preset=&#8221;default&#8221; text_font=&#8221;|700|||||||&#8221; text_text_color=&#8221;#000000&#8243; text_font_size=&#8221;40px&#8221; header_font=&#8221;|700||on|||||&#8221; header_text_align=&#8221;left&#8221; header_font_size=&#8221;52px&#8221; header_letter_spacing=&#8221;4px&#8221; header_line_height=&#8221;1.2em&#8221; header_2_font=&#8221;||||||||&#8221; module_alignment=&#8221;center&#8221; custom_margin=&#8221;|||&#8221; custom_padding=&#8221;|||&#8221; animation_style=&#8221;fade&#8221; header_font_size_tablet=&#8221;40px&#8221; header_font_size_phone=&#8221;17px&#8221; header_font_size_last_edited=&#8221;on|tablet&#8221; locked=&#8221;off&#8221; global_colors_info=&#8221;{}&#8221;]@ET-DC@eyJkeW5hbWljIjp0cnVlLCJjb250ZW50IjoicG9zdF90aXRsZSIsInNldHRpbmdzIjp7ImJlZm9yZSI6IiIsImFmdGVyIjoiIn19@[\/et_pb_text][\/et_pb_column][\/et_pb_row][et_pb_row custom_padding_last_edited=&#8221;on|desktop&#8221; _builder_version=&#8221;4.17.4&#8243; _module_preset=&#8221;default&#8221; width=&#8221;100%&#8221; min_height=&#8221;100px&#8221; custom_margin=&#8221;0px|auto|50px|auto|false|false&#8221; custom_padding=&#8221;0px|0px|3px||false|false&#8221; custom_padding_tablet=&#8221;|30px|0px||false|false&#8221; custom_padding_phone=&#8221;|30px|0px||false|false&#8221; global_colors_info=&#8221;{}&#8221;][et_pb_column type=&#8221;4_4&#8243; _builder_version=&#8221;4.17.4&#8243; _module_preset=&#8221;default&#8221; global_colors_info=&#8221;{}&#8221;][et_pb_text _builder_version=&#8221;4.17.4&#8243; _module_preset=&#8221;default&#8221; text_font=&#8221;|600|||||||&#8221; text_text_color=&#8221;#000000&#8243; text_font_size=&#8221;20px&#8221; width=&#8221;100%&#8221; custom_margin=&#8221;55px||9px|||&#8221; custom_padding=&#8221;||52px|0px|false|false&#8221; custom_padding_tablet=&#8221;|||30px|false|false&#8221; custom_padding_phone=&#8221;|||30px|false|false&#8221; custom_padding_last_edited=&#8221;on|phone&#8221; global_colors_info=&#8221;{}&#8221;]<\/p>\n<p style=\"text-align: justify;\"><span style=\"color: #000000;\"><span style=\"font-weight: 400;\">Para poder divulgar el aprendizaje dentro y fuera del \u00e1mbito acad\u00e9mico, se hizo un manual en formato f\u00edsico y una publicaci\u00f3n-fanzine, que fue compartida en un evento en el Rastro de la ciudad de Madrid. Esto nos permiti\u00f3, adem\u00e1s de transmitir la informaci\u00f3n aprendida, poder confrontar el aprendizaje en el aula con el imaginario colectivo de la ciudadan\u00eda. Con este di\u00e1logo p\u00fablico se abordaba adem\u00e1s otra dimensi\u00f3n del \u2018servicio\u2019, pudiendo favorecer otras emergencias ya fuera de la universidad, como son las islas de biodiversidad que ya se est\u00e1n fomentando en diferentes puntos de la ciudad. Adem\u00e1s, se grab\u00f3 un podcast que recog\u00eda la experiencia y se proyect\u00f3 un corto sobre esta tem\u00e1tica realizado desde el MAca: M\u00e1ster en Comunicaci\u00f3n Arquitect\u00f3nica.<\/span><\/span><span style=\"color: #000000;\"><\/span><\/p>\n<p>[\/et_pb_text][\/et_pb_column][\/et_pb_row][et_pb_row _builder_version=&#8221;4.17.4&#8243; _module_preset=&#8221;default&#8221; custom_margin=&#8221;47px|auto||auto||&#8221; custom_padding=&#8221;||0px|||&#8221; global_colors_info=&#8221;{}&#8221;][et_pb_column type=&#8221;4_4&#8243; _builder_version=&#8221;4.17.4&#8243; _module_preset=&#8221;default&#8221; global_colors_info=&#8221;{}&#8221;][lwp_post_carousel post_count=&#8221;8&#8243; post_categories=&#8221;12&#8243; show_dots=&#8221;off&#8221; autoplay_animation=&#8221;on&#8221; autoplay_animation_speed=&#8221;3700ms&#8221; infinite_animation=&#8221;on&#8221; arrow_color=&#8221;#000000&#8243; arrow_bg=&#8221;RGBA(255,255,255,0)&#8221; dots_color=&#8221;#000000&#8243; post_background=&#8221;RGBA(255,255,255,0)&#8221; _builder_version=&#8221;4.17.4&#8243; _module_preset=&#8221;default&#8221; post_title_font=&#8221;|||||||RGBA(255,255,255,0)|&#8221; post_title_text_color=&#8221;#000000&#8243; post_title_font_size=&#8221;18px&#8221; post_title_letter_spacing=&#8221;1.5px&#8221; post_title_line_height=&#8221;2.4em&#8221; background_color=&#8221;RGBA(255,255,255,0)&#8221; text_orientation=&#8221;center&#8221; animation_style=&#8221;fade&#8221; hover_enabled=&#8221;0&#8243; border_width_all_post=&#8221;0px&#8221; border_color_all_post=&#8221;#000000&#8243; global_colors_info=&#8221;{}&#8221; sticky_enabled=&#8221;0&#8243;][\/lwp_post_carousel][\/et_pb_column][\/et_pb_row][et_pb_row _builder_version=&#8221;4.17.4&#8243; _module_preset=&#8221;default&#8221;][et_pb_column _builder_version=&#8221;4.17.4&#8243; _module_preset=&#8221;default&#8221; type=&#8221;4_4&#8243;][et_pb_code _builder_version=&#8221;4.17.4&#8243; _module_preset=&#8221;default&#8221; hover_enabled=&#8221;0&#8243; sticky_enabled=&#8221;0&#8243;]<iframe loading=\"lazy\" width=\"560\" height=\"315\" src=\"https:\/\/www.youtube.com\/embed\/EhfKO0qTVwM\" title=\"YouTube video player\" frameborder=\"0\" allow=\"accelerometer; autoplay; clipboard-write; encrypted-media; gyroscope; picture-in-picture; web-share\" allowfullscreen><\/iframe>[\/et_pb_code][\/et_pb_column][\/et_pb_row][\/et_pb_section]<\/p>\n","protected":false},"excerpt":{"rendered":"<p>Para poder divulgar el aprendizaje dentro y fuera del \u00e1mbito acad\u00e9mico, se hizo un manual en formato f\u00edsico y una publicaci\u00f3n-fanzine, que fue compartida en un evento en el Rastro de la ciudad de Madrid. Esto nos permiti\u00f3, adem\u00e1s de transmitir la informaci\u00f3n aprendida, poder confrontar el aprendizaje en el aula con el imaginario colectivo [&hellip;]<\/p>\n","protected":false},"author":1,"featured_media":0,"parent":7,"menu_order":0,"comment_status":"closed","ping_status":"closed","template":"","meta":{"_et_pb_use_builder":"on","_et_pb_old_content":"","_et_gb_content_width":"","om_disable_all_campaigns":false,"_monsterinsights_skip_tracking":false,"_monsterinsights_sitenote_active":false,"_monsterinsights_sitenote_note":"","_monsterinsights_sitenote_category":0},"_links":{"self":[{"href":"https:\/\/masquehumana.xyz\/index.php?rest_route=\/wp\/v2\/pages\/247115"}],"collection":[{"href":"https:\/\/masquehumana.xyz\/index.php?rest_route=\/wp\/v2\/pages"}],"about":[{"href":"https:\/\/masquehumana.xyz\/index.php?rest_route=\/wp\/v2\/types\/page"}],"author":[{"embeddable":true,"href":"https:\/\/masquehumana.xyz\/index.php?rest_route=\/wp\/v2\/users\/1"}],"replies":[{"embeddable":true,"href":"https:\/\/masquehumana.xyz\/index.php?rest_route=%2Fwp%2Fv2%2Fcomments&post=247115"}],"version-history":[{"count":8,"href":"https:\/\/masquehumana.xyz\/index.php?rest_route=\/wp\/v2\/pages\/247115\/revisions"}],"predecessor-version":[{"id":247692,"href":"https:\/\/masquehumana.xyz\/index.php?rest_route=\/wp\/v2\/pages\/247115\/revisions\/247692"}],"up":[{"embeddable":true,"href":"https:\/\/masquehumana.xyz\/index.php?rest_route=\/wp\/v2\/pages\/7"}],"wp:attachment":[{"href":"https:\/\/masquehumana.xyz\/index.php?rest_route=%2Fwp%2Fv2%2Fmedia&parent=247115"}],"curies":[{"name":"wp","href":"https:\/\/api.w.org\/{rel}","templated":true}]}}